{"id":6,"date":"2014-05-20T20:46:37","date_gmt":"2014-05-20T18:46:37","guid":{"rendered":"http:\/\/www.tippkings.at.tf\/?page_id=6"},"modified":"2024-05-22T10:17:14","modified_gmt":"2024-05-22T08:17:14","slug":"regelwerk","status":"publish","type":"page","link":"https:\/\/www.tippkings.at\/?page_id=6","title":{"rendered":"Regelwerk"},"content":{"rendered":"<p><span style=\"font-family: Arial; font-size: small;\">Liebe Fussballfreunde und Innen!<\/span><\/p>\n<p><span style=\"font-family: Arial; font-size: small;\">Es ist wieder soweit &#8211; Die EURO beim Nachbarn startet und wir werden endlich EUROPAMEISTER (mit wir meine ich nicht unsere deutschen Freunde)<\/span><span style=\"font-family: Arial; font-size: small;\"><br \/>\n<\/span><\/p>\n<p>Wer darf mitspielen? Just 4 friends of us! Keine \u00f6ffentliche Tipprunde!<\/p>\n<p><span style=\"font-family: Arial; font-size: small;\">Wie gehabt, <strong>20 Euronen Startgeld<\/strong>, das ganze Geld wird ausgespielt, Einzahlung bis<\/span><br \/>\n<span style=\"font-family: Arial; font-size: small;\">zum dritten Spieltag. Wer da noch nicht bezahlt hat fliegt raus aus der Tipprunde.<\/span><\/p>\n<p><span style=\"font-family: Arial; font-size: small;\">Es gibt heuer einige zus\u00e4tzliche Sondertipps, die das Ganze noch etwas spannender<\/span><br \/>\n<span style=\"font-family: Arial; font-size: small;\">machen sollten.<\/span><\/p>\n<p><span style=\"font-family: Arial; font-size: small;\">Hier nochmals die Infos was wie wann getippt werden muss!<\/span><\/p>\n<p><span style=\"font-family: Arial; font-size: small;\">Bis zum Anpfiff der ersten Partie (14. Juni, 21:00 Uhr) Deutschland gegen<\/span><br \/>\n<span style=\"font-family: Arial; font-size: small;\">Schottland, m\u00fcssen folgende Tipps abgegeben werden:<\/span><\/p>\n<ul>\n<li><span style=\"font-family: Arial; font-size: small;\">Wer wird Europameister?<\/span><\/li>\n<li><span style=\"font-family: Arial; font-size: small;\">Wer gewinnt die Gruppe A, B, C, D, &#8230;&#8230;<\/span><\/li>\n<li><span style=\"font-family: Arial; font-size: small;\">Wer kommt ins Halbfinale?<\/span><\/li>\n<li><span style=\"font-family: Arial; font-size: small;\">Wer wird Torsch\u00fctzenk\u00f6nig? (dieser wird wieder per Mail an <b>tsk@tippkings.at<\/b> getippt und von uns per Hand eingetragen)<\/span><\/li>\n<li><span style=\"font-family: Arial; font-size: small;\">Wie endet das Spiel \u201eDeutschland:Schottland\u201c<\/span><\/li>\n<\/ul>\n<p><span style=\"font-family: Arial; font-size: small;\">Alle anderen Tipps, sprich die Tipps der einzelnen Spiele k\u00f6nnen bis 1 Minute vor dem<\/span><br \/>\n<span style=\"font-family: Arial; font-size: small;\">jeweiligen Spiel abgegeben werden. <\/span><\/p>\n<p><span style=\"font-family: Arial; font-size: small;\"><b>Notfalltipps: <\/b>Es kann immer wieder vorkommen, dass die Internetleitung ausf\u00e4llt, man kein Smartphone hat und so nicht tippen kann. in diesen F\u00e4llen k\u00f6nnt ihr mir eine SMS mit dem Tipp senden! Diese Tipps m\u00fcssen nat\u00fcrlich auch VOR dem Anpfiff der jeweiligen Partie erfolgen, ansonsten wird dieser Tipp als &#8222;nicht abgegeben&#8220; gewertet und man bekommt 0 Punkte! <\/span><\/p>\n<p><span style=\"font-family: Arial; font-size: small;\">Telefonnummer:<\/span><br \/>\n<span style=\"font-family: Arial; font-size: small;\"><b>Rainer: <\/b>0676 814121473<br \/>\n<\/span><span style=\"font-family: Arial; font-size: small;\">Folgende Punkte gibt es bei den einzelnen Tipps:<\/span><\/p>\n<ul>\n<li><span style=\"font-family: Arial; font-size: small;\">Torsch\u00fctzenk\u00f6nig: 15 Pkt.<\/span><\/li>\n<li><span style=\"font-family: Arial; font-size: small;\">Europameister: 12 Pkt.<\/span><\/li>\n<li><span style=\"font-family: Arial; font-size: small;\">Halbfinalteilnehmer: 8 Pkt.<\/span><\/li>\n<li><span style=\"font-family: Arial; font-size: small;\">Gruppensieger: 4 Pkt.<\/span><\/li>\n<li><span style=\"font-family: Arial; font-size: small;\">Spieletipps: 1 Punkt f\u00fcr richtige Tendenz<\/span><\/li>\n<li><span style=\"font-family: Arial; font-size: small;\">2 Punkte f\u00fcr richtiges Torverh\u00e4ltnis<\/span><\/li>\n<li><span style=\"font-family: Arial; font-size: small;\">4 Punkte f\u00fcr das richtige Ergebnis<\/span><\/li>\n<\/ul>\n<p><strong>Startgeld von 20 Euro bitte \u00fcberweisen an:<\/strong><\/p>\n<p>Empf\u00e4nger: Rainer K\u00e4ferb\u00f6ck<br \/>\n<strong>IBAN: AT73 3400 0000 0012 0592<\/strong><br \/>\n<strong>Verwendungszweck: Mailadresse oder Tippname!<\/strong><\/p>\n<p>Tr<span style=\"font-family: Arial; font-size: small;\">inkgeld nicht vergessen \ud83d\ude09<\/span><\/p>\n<p><span style=\"font-family: Arial; font-size: small;\">Ausbezahlt wird das Startgeld folgenderma\u00dfen:<\/span><\/p>\n<ul>\n<li><span style=\"font-family: Arial; font-size: small;\">1. Platz: 60% des Topfes<\/span><\/li>\n<li><span style=\"font-family: Arial; font-size: small;\">2. Platz: 30% des Topfes<\/span><\/li>\n<li><span style=\"font-family: Arial; font-size: small;\">3. Platz: 10% des Topfes<\/span><\/li>\n<\/ul>\n<p><span style=\"font-family: Arial; font-size: small;\">Bei Punktegleichstand entscheidet die Anzahl von richtigen Ergebnistipps. Ist auch hier<\/span><br \/>\n<span style=\"font-family: Arial; font-size: small;\">gleichstand, so teilen sich diese den Topf. D.h. gibt es zwei 1. Pl\u00e4tze, dann werden 90%<\/span><br \/>\n<span style=\"font-family: Arial; font-size: small;\">des Topfes auf die beiden aufgeteilt. Haben wir zwei 2. Pl\u00e4tze, dann werden 40% auf<\/span><br \/>\n<span style=\"font-family: Arial; font-size: small;\">die beiden aufgeteilt. Haben wir zwei 3. Pl\u00e4tze, dann werden 10% auf die aufgeteilt.<\/span><br \/>\n<span style=\"font-family: Arial; font-size: small;\">Bei 3 ersten Pl\u00e4tzen werden nat\u00fcrlich 100% auf die drei aufgeteilt da es dann keinen<\/span><br \/>\n<span style=\"font-family: Arial; font-size: small;\">zweiten und dritten gibt. Usw. usf.<\/span><\/p>\n<p><span style=\"font-family: Arial; font-size: small;\">Soweit alles klar?<\/span><br \/>\n<span style=\"font-family: Arial; font-size: small;\">Auf eine lustige Tipprunde!<\/span><span style=\"font-family: Arial; font-size: medium;\"><br \/>\n<\/span><\/p>\n","protected":false},"excerpt":{"rendered":"<p>Liebe Fussballfreunde und Innen! Es ist wieder soweit &#8211; Die EURO beim Nachbarn startet und wir werden endlich EUROPAMEISTER (mit wir meine ich nicht unsere deutschen Freunde) Wer darf mitspielen? Just 4 friends of us! Keine \u00f6ffentliche Tipprunde! Wie gehabt, 20 Euronen Startgeld, das ganze Geld wird ausgespielt, Einzahlung bis zum dritten Spieltag. Wer da [&hellip;]<\/p>\n","protected":false},"author":1,"featured_media":0,"parent":0,"menu_order":2,"comment_status":"closed","ping_status":"closed","template":"page-templates\/full-width.php","meta":[],"_links":{"self":[{"href":"https:\/\/www.tippkings.at\/index.php?rest_route=\/wp\/v2\/pages\/6"}],"collection":[{"href":"https:\/\/www.tippkings.at\/index.php?rest_route=\/wp\/v2\/pages"}],"about":[{"href":"https:\/\/www.tippkings.at\/index.php?rest_route=\/wp\/v2\/types\/page"}],"author":[{"embeddable":true,"href":"https:\/\/www.tippkings.at\/index.php?rest_route=\/wp\/v2\/users\/1"}],"replies":[{"embeddable":true,"href":"https:\/\/www.tippkings.at\/index.php?rest_route=%2Fwp%2Fv2%2Fcomments&post=6"}],"version-history":[{"count":37,"href":"https:\/\/www.tippkings.at\/index.php?rest_route=\/wp\/v2\/pages\/6\/revisions"}],"predecessor-version":[{"id":277,"href":"https:\/\/www.tippkings.at\/index.php?rest_route=\/wp\/v2\/pages\/6\/revisions\/277"}],"wp:attachment":[{"href":"https:\/\/www.tippkings.at\/index.php?rest_route=%2Fwp%2Fv2%2Fmedia&parent=6"}],"curies":[{"name":"wp","href":"https:\/\/api.w.org\/{rel}","templated":true}]}}