{"id":14,"date":"2014-05-21T07:30:50","date_gmt":"2014-05-21T05:30:50","guid":{"rendered":"http:\/\/www.tippkings.at.tf\/?page_id=14"},"modified":"2024-05-22T15:41:42","modified_gmt":"2024-05-22T13:41:42","slug":"ahnentafel","status":"publish","type":"page","link":"https:\/\/www.tippkings.at\/?page_id=14","title":{"rendered":"Hall of Fame"},"content":{"rendered":"<h3 style=\"text-align: center;\"><strong>Die bisherigen Gewinner der Tipprunden<\/strong><\/h3>\n<p style=\"text-align: center;\"><strong>WOLFGANG &#8222;Buswoifi&#8220; LEHNER<\/strong><br \/>\n2002 (WM S\u00fcdkorea-Japan) WM: Brasilien<\/p>\n<p style=\"text-align: center;\"><strong>CHRISTIAN &#8222;M.C. der Hammer&#8220; MAUREDER<\/strong><br \/>\n2004 (EM Portugal) EM: Griechenland<\/p>\n<p style=\"text-align: center;\"><strong>MICHAEL &#8222;S\u00fc\u00dfi&#8220; S\u00dcSS<\/strong><br \/>\n2006 (WM Deutschland) WM: Italien<\/p>\n<p style=\"text-align: center;\"><strong>RAINER &#8222;EM_WMSieger&#8220; K\u00c4FERB\u00d6CK<br \/>\nCHRISTIAN &#8222;GlatzeGnadenlos&#8220; K\u00d6NIGSTORFER<\/strong><br \/>\n2008 (EM \u00d6sterreich) EM: Spanien<\/p>\n<p style=\"text-align: center;\"><strong>RAINER &#8222;EM_WMSieger&#8220; K\u00c4FERB\u00d6CK<\/strong><br \/>\n2010 (WM S\u00fcdafrika) WM: Spanien<\/p>\n<p style=\"text-align: center;\"><strong>MARKUS &#8222;KOGL&#8220; KOGLBAUER<\/strong><br \/>\n2012 (EM Polen\/Ukraine) EM: Spanien<\/p>\n<p style=\"text-align: center;\"><strong> MICHAEL &#8222;suessi79&#8220; S\u00dc\u00df<\/strong><br \/>\n2014 (WM Brasilien) WM: Deutschland<\/p>\n<p style=\"text-align: center;\"><strong>MARKUS\u00a0&#8222;max4400&#8220;\u00a0HANDL<\/strong><br \/>\n2016 (EM Frankreich) EM:\u00a0Portugal<\/p>\n<p style=\"text-align: center;\"><strong>Tobias &#8222;tobi_77&#8220; <\/strong><br \/>\n2018 (WM Russland) WM: Frankreich<\/p>\n<p style=\"text-align: center;\"><strong>Wolfgang &#8222;doubleyou&#8220; <\/strong><br \/>\n2022 (WM KATAR) WM: Argentinien<\/p>\n","protected":false},"excerpt":{"rendered":"<p>Die bisherigen Gewinner der Tipprunden WOLFGANG &#8222;Buswoifi&#8220; LEHNER 2002 (WM S\u00fcdkorea-Japan) WM: Brasilien CHRISTIAN &#8222;M.C. der Hammer&#8220; MAUREDER 2004 (EM Portugal) EM: Griechenland MICHAEL &#8222;S\u00fc\u00dfi&#8220; S\u00dcSS 2006 (WM Deutschland) WM: Italien RAINER &#8222;EM_WMSieger&#8220; K\u00c4FERB\u00d6CK CHRISTIAN &#8222;GlatzeGnadenlos&#8220; K\u00d6NIGSTORFER 2008 (EM \u00d6sterreich) EM: Spanien RAINER &#8222;EM_WMSieger&#8220; K\u00c4FERB\u00d6CK 2010 (WM S\u00fcdafrika) WM: Spanien MARKUS &#8222;KOGL&#8220; KOGLBAUER 2012 (EM [&hellip;]<\/p>\n","protected":false},"author":1,"featured_media":0,"parent":0,"menu_order":1,"comment_status":"closed","ping_status":"closed","template":"page-templates\/full-width.php","meta":[],"_links":{"self":[{"href":"https:\/\/www.tippkings.at\/index.php?rest_route=\/wp\/v2\/pages\/14"}],"collection":[{"href":"https:\/\/www.tippkings.at\/index.php?rest_route=\/wp\/v2\/pages"}],"about":[{"href":"https:\/\/www.tippkings.at\/index.php?rest_route=\/wp\/v2\/types\/page"}],"author":[{"embeddable":true,"href":"https:\/\/www.tippkings.at\/index.php?rest_route=\/wp\/v2\/users\/1"}],"replies":[{"embeddable":true,"href":"https:\/\/www.tippkings.at\/index.php?rest_route=%2Fwp%2Fv2%2Fcomments&post=14"}],"version-history":[{"count":16,"href":"https:\/\/www.tippkings.at\/index.php?rest_route=\/wp\/v2\/pages\/14\/revisions"}],"predecessor-version":[{"id":280,"href":"https:\/\/www.tippkings.at\/index.php?rest_route=\/wp\/v2\/pages\/14\/revisions\/280"}],"wp:attachment":[{"href":"https:\/\/www.tippkings.at\/index.php?rest_route=%2Fwp%2Fv2%2Fmedia&parent=14"}],"curies":[{"name":"wp","href":"https:\/\/api.w.org\/{rel}","templated":true}]}}